{"id":1895,"date":"2023-08-31T17:50:04","date_gmt":"2023-08-31T15:50:04","guid":{"rendered":"https:\/\/awakeningchurch.de\/impressum\/"},"modified":"2024-07-22T15:23:21","modified_gmt":"2024-07-22T13:23:21","slug":"impressum","status":"publish","type":"page","link":"https:\/\/www.awakeningchurch.de\/en\/impressum\/","title":{"rendered":"Impressum"},"content":{"rendered":"\t\t<div data-elementor-type=\"wp-page\" data-elementor-id=\"1895\" class=\"elementor elementor-1895 elementor-299\" data-elementor-post-type=\"page\">\n\t\t\t\t\t\t<section class=\"elementor-section elementor-top-section elementor-element elementor-element-07ed1f8 elementor-section-boxed elementor-section-height-default elementor-section-height-default\" data-id=\"07ed1f8\" data-element_type=\"section\" data-e-type=\"section\" data-settings=\"{&quot;background_background&quot;:&quot;classic&quot;}\">\n\t\t\t\t\t\t<div class=\"elementor-container elementor-column-gap-default\">\n\t\t\t\t\t<div class=\"elementor-column elementor-col-100 elementor-top-column elementor-element elementor-element-625ab7e\" data-id=\"625ab7e\" data-element_type=\"column\" data-e-type=\"column\">\n\t\t\t<div class=\"elementor-widget-wrap elementor-element-populated\">\n\t\t\t\t\t\t<div class=\"elementor-element elementor-element-1fdcb66 elementor-widget elementor-widget-heading\" data-id=\"1fdcb66\" data-element_type=\"widget\" data-e-type=\"widget\" data-widget_type=\"heading.default\">\n\t\t\t\t<div class=\"elementor-widget-container\">\n\t\t\t\t\t<h1 class=\"elementor-heading-title elementor-size-default\">Impressum<\/h1>\t\t\t\t<\/div>\n\t\t\t\t<\/div>\n\t\t\t\t\t<\/div>\n\t\t<\/div>\n\t\t\t\t\t<\/div>\n\t\t<\/section>\n\t\t\t\t<section class=\"elementor-section elementor-top-section elementor-element elementor-element-0b3d472 elementor-section-boxed elementor-section-height-default elementor-section-height-default\" data-id=\"0b3d472\" data-element_type=\"section\" data-e-type=\"section\">\n\t\t\t\t\t\t<div class=\"elementor-container elementor-column-gap-default\">\n\t\t\t\t\t<div class=\"elementor-column elementor-col-100 elementor-top-column elementor-element elementor-element-3f7c131\" data-id=\"3f7c131\" data-element_type=\"column\" data-e-type=\"column\">\n\t\t\t<div class=\"elementor-widget-wrap elementor-element-populated\">\n\t\t\t\t\t\t<div class=\"elementor-element elementor-element-dcbcde1 elementor-widget elementor-widget-text-editor\" data-id=\"dcbcde1\" data-element_type=\"widget\" data-e-type=\"widget\" data-widget_type=\"text-editor.default\">\n\t\t\t\t<div class=\"elementor-widget-container\">\n\t\t\t\t\t\t\t\t\t<h2>Impressum<\/h2>\n<p>Awakening Church e.V.<br>Im Rebacker 9<br>D-79591 Eimeldingen<\/p>\n<p>Vertreten durch<br>Awakening Church e.V. wird vertreten durch Dimitri Siemens (Gemeindeleitung).<\/p>\n<h3>Kontakt<\/h3>\n<p>E-Mail: info@awakeningchurch.de<br>Internet: https:\/\/awakeningchurch.de&nbsp;<\/p>\n<h3>Bankverbindung<\/h3>\n<p>AWAKENING CHURCH e.V.<br>Spar- und Kreditbank eG, Witten<br>IBAN: DE47 4526 0475 0000 2006 00<br>BIC: GENODEM1BFG<\/p>\n<p>Verantwortlichkeit gem. \u00a755 Abs.2 RStV<br>Verantwortlich f\u00fcr den Inhalt gem\u00e4\u00df \u00a75 TMG sowie \u00a755 Abs. 2 RStV ist Dimitri Siemens (Gemeindeleiter)<\/p>\n<p>Dieses Impressum gilt auch f\u00fcr<br>https:\/\/www.facebook.com\/awakeningchurch<br>https:\/\/www.instagram.com\/awakeningchruch_<br>https:\/\/www.youtube.com\/user\/AwakeningChurch<\/p>\n<h3>Fotonachweise<\/h3>\n<p>Fotos: Awakening Media Team, Adine Schweizer<\/p>\n<h3>Haftungsausschluss<\/h3>\n<p><strong>Haftung f\u00fcr Inhalte <\/strong><br>Die Inhalte unserer Seiten wurden mit gr\u00f6\u00dfter Sorgfalt erstellt. F\u00fcr die Richtigkeit, Vollst\u00e4ndigkeit und Aktualit\u00e4t der Inhalte k\u00f6nnen wir jedoch keine Gew\u00e4hr \u00fcbernehmen. Als Diensteanbieter sind wir gem\u00e4\u00df \u00a7 7 Abs.1 TMG f\u00fcr eigene Inhalte auf diesen Seiten nach den allgemeinen Gesetzen verantwortlich. Nach \u00a7\u00a7 8 bis 10 TMG sind wir als Diensteanbieter jedoch nicht verpflichtet, \u00fcbermittelte oder gespeicherte fremde Informationen zu \u00fcberwachen oder nach Umst\u00e4nden zu forschen, die auf eine rechtswidrige T\u00e4tigkeit hinweisen. Verpflichtungen zur Entfernung oder Sperrung der Nutzung von Informationen nach den allgemeinen Gesetzen bleiben hiervon unber\u00fchrt. Eine diesbez\u00fcgliche Haftung ist jedoch erst ab dem Zeitpunkt der Kenntnis einer konkreten Rechtsverletzung m\u00f6glich. Bei Bekanntwerden von entsprechenden Rechtsverletzungen werden wir diese Inhalte umgehend entfernen.<\/p>\n<p><strong>Haftung f\u00fcr Links <\/strong><br>Unser Angebot enth\u00e4lt Links zu externen Webseiten Dritter, auf deren Inhalte wir keinen Einfluss haben. Deshalb k\u00f6nnen wir f\u00fcr diese fremden Inhalte auch keine Gew\u00e4hr \u00fcbernehmen. F\u00fcr die Inhalte der verlinkten Seiten ist stets der jeweilige Anbieter oder Betreiber der Seiten verantwortlich. Die verlinkten Seiten wurden zum Zeitpunkt der Verlinkung auf m\u00f6gliche Rechtsverst\u00f6\u00dfe \u00fcberpr\u00fcft. Rechtswidrige Inhalte waren zum Zeitpunkt der Verlinkung nicht erkennbar. Eine permanente inhaltliche Kontrolle der verlinkten Seiten ist jedoch ohne konkrete Anhaltspunkte einer Rechtsverletzung nicht zumutbar. Bei Bekanntwerden von Rechtsverletzungen werden wir derartige Links umgehend entfernen.<\/p>\n<p><b>Urheberrecht<\/b><br>Die durch die Seitenbetreiber erstellten bzw. verwendeten Inhalte und Werke auf diesen Seiten unterliegen dem deutschen Urheberrecht. Die Vervielf\u00e4ltigung, Bearbeitung, Verbreitung und jede Art der Verwertung au\u00dferhalb der Grenzen des Urheberrechtes bed\u00fcrfen der Zustimmung des jeweiligen Autors bzw. Erstellers. Soweit die Inhalte auf dieser Seite nicht vom Betreiber erstellt wurden, werden die Urheberrechte Dritter beachtet. Insbesondere werden Inhalte Dritter als solche gekennzeichnet. Sollten Sie trotzdem auf eine Urheberrechtsverletzung aufmerksam werden, bitten wir um einen entsprechenden Hinweis. Bei Bekanntwerden von Rechtsverletzungen werden wir derartige Inhalte umgehend entfernen.<\/p>\t\t\t\t\t\t\t\t<\/div>\n\t\t\t\t<\/div>\n\t\t\t\t\t<\/div>\n\t\t<\/div>\n\t\t\t\t\t<\/div>\n\t\t<\/section>\n\t\t\t\t<\/div>\n\t\t","protected":false},"excerpt":{"rendered":"<p>Impressum Awakening Church e.V.Im Rebacker 9D-79591 Eimeldingen Vertreten durchAwakening Church e.V. wird vertreten durch Dimitri Siemens (Gemeindeleitung). Kontakt E-Mail: info@awakeningchurch.deInternet: https:\/\/awakeningchurch.de&nbsp; Bankverbindung AWAKENING CHURCH e.V.Spar- und Kreditbank eG, WittenIBAN: DE47 4526 0475 0000 2006 00BIC: GENODEM1BFG Verantwortlichkeit gem. \u00a755 Abs.2 RStVVerantwortlich f\u00fcr den Inhalt gem\u00e4\u00df \u00a75 TMG sowie \u00a755 Abs. 2 RStV ist Dimitri Siemens [&hellip;]<\/p>\n","protected":false},"author":1,"featured_media":0,"parent":0,"menu_order":0,"comment_status":"closed","ping_status":"closed","template":"","meta":{"footnotes":""},"class_list":["post-1895","page","type-page","status-publish","hentry"],"_links":{"self":[{"href":"https:\/\/www.awakeningchurch.de\/en\/wp-json\/wp\/v2\/pages\/1895","targetHints":{"allow":["GET"]}}],"collection":[{"href":"https:\/\/www.awakeningchurch.de\/en\/wp-json\/wp\/v2\/pages"}],"about":[{"href":"https:\/\/www.awakeningchurch.de\/en\/wp-json\/wp\/v2\/types\/page"}],"author":[{"embeddable":true,"href":"https:\/\/www.awakeningchurch.de\/en\/wp-json\/wp\/v2\/users\/1"}],"replies":[{"embeddable":true,"href":"https:\/\/www.awakeningchurch.de\/en\/wp-json\/wp\/v2\/comments?post=1895"}],"version-history":[{"count":9,"href":"https:\/\/www.awakeningchurch.de\/en\/wp-json\/wp\/v2\/pages\/1895\/revisions"}],"predecessor-version":[{"id":4519,"href":"https:\/\/www.awakeningchurch.de\/en\/wp-json\/wp\/v2\/pages\/1895\/revisions\/4519"}],"wp:attachment":[{"href":"https:\/\/www.awakeningchurch.de\/en\/wp-json\/wp\/v2\/media?parent=1895"}],"curies":[{"name":"wp","href":"https:\/\/api.w.org\/{rel}","templated":true}]}}