{"id":2467,"date":"2023-10-16T11:39:23","date_gmt":"2023-10-16T11:39:23","guid":{"rendered":"https:\/\/awakeningchurch.de\/awpcp-anzeigen\/in-anzeigen-stoebern\/"},"modified":"2023-10-17T10:50:06","modified_gmt":"2023-10-17T08:50:06","slug":"in-anzeigen-stoebern","status":"publish","type":"page","link":"https:\/\/www.awakeningchurch.de\/en\/anzeigen\/in-anzeigen-stoebern\/","title":{"rendered":"In Anzeigen st\u00f6bern."},"content":{"rendered":"\t\t<div data-elementor-type=\"wp-page\" data-elementor-id=\"2467\" class=\"elementor elementor-2467\" data-elementor-post-type=\"page\">\n\t\t\t\t\t\t<section class=\"elementor-section elementor-top-section elementor-element elementor-element-f965312 elementor-section-boxed elementor-section-height-default elementor-section-height-default\" data-id=\"f965312\" data-element_type=\"section\" data-e-type=\"section\" data-settings=\"{&quot;background_background&quot;:&quot;classic&quot;}\">\n\t\t\t\t\t\t<div class=\"elementor-container elementor-column-gap-default\">\n\t\t\t\t\t<div class=\"elementor-column elementor-col-100 elementor-top-column elementor-element elementor-element-30f8e9e\" data-id=\"30f8e9e\" data-element_type=\"column\" data-e-type=\"column\">\n\t\t\t<div class=\"elementor-widget-wrap elementor-element-populated\">\n\t\t\t\t\t\t<div class=\"elementor-element elementor-element-54eb80f elementor-widget elementor-widget-spacer\" data-id=\"54eb80f\" data-element_type=\"widget\" data-e-type=\"widget\" data-widget_type=\"spacer.default\">\n\t\t\t\t<div class=\"elementor-widget-container\">\n\t\t\t\t\t\t\t<div class=\"elementor-spacer\">\n\t\t\t<div class=\"elementor-spacer-inner\"><\/div>\n\t\t<\/div>\n\t\t\t\t\t\t<\/div>\n\t\t\t\t<\/div>\n\t\t\t\t\t<\/div>\n\t\t<\/div>\n\t\t\t\t\t<\/div>\n\t\t<\/section>\n\t\t\t\t<section class=\"elementor-section elementor-top-section elementor-element elementor-element-74115c47 elementor-section-boxed elementor-section-height-default elementor-section-height-default\" data-id=\"74115c47\" data-element_type=\"section\" data-e-type=\"section\">\n\t\t\t\t\t\t<div class=\"elementor-container elementor-column-gap-default\">\n\t\t\t\t\t<div class=\"elementor-column elementor-col-100 elementor-top-column elementor-element elementor-element-42840116\" data-id=\"42840116\" data-element_type=\"column\" data-e-type=\"column\">\n\t\t\t<div class=\"elementor-widget-wrap elementor-element-populated\">\n\t\t\t\t\t\t<div class=\"elementor-element elementor-element-96dbe69 elementor-widget elementor-widget-heading\" data-id=\"96dbe69\" data-element_type=\"widget\" data-e-type=\"widget\" data-widget_type=\"heading.default\">\n\t\t\t\t<div class=\"elementor-widget-container\">\n\t\t\t\t\t<h2 class=\"elementor-heading-title elementor-size-default\">In Anzeigen st\u00f6bern.<\/h2>\t\t\t\t<\/div>\n\t\t\t\t<\/div>\n\t\t\t\t<div class=\"elementor-element elementor-element-36fcec52 elementor-widget elementor-widget-shortcode\" data-id=\"36fcec52\" data-element_type=\"widget\" data-e-type=\"widget\" data-widget_type=\"shortcode.default\">\n\t\t\t\t<div class=\"elementor-widget-container\">\n\t\t\t\t\t\t\t<div class=\"elementor-shortcode\"><div class=\"awpcp-browse-ads awpcp-page\" id=\"classiwrapper\">\n    \n        <div class=\"uiwelcome\">Willst du Teil von kleinen Projekten sein? Suchst du nach einer neuen Wohnung oder einem Mitbewohner? Hast du M\u00f6bel zu verschenken oder zu verkaufen? Suchst du nach einem inspirierenden Event in der Region? Oder willst du ein Event ausschreiben? Dann bist du willkommen deine Anzeige hier zu posten oder unsere Anzeigen zu durchst\u00f6bern.<\/div>\n    \n        \n<div class=\"awpcp-classifieds-search-bar\" data-breakpoints='{\"tiny\": [0,450]}' data-breakpoints-class-prefix=\"awpcp-classifieds-search-bar\">\n    <form action=\"https:\/\/www.awakeningchurch.de\/en\/anzeigen\/suche-in-anzeigen\/\" method=\"get\">\n                <input type=\"hidden\" name=\"awpcp-step\" value=\"dosearch\" \/>\n        <div class=\"awpcp-classifieds-search-bar--query-field\">\n            <label class=\"screen-reader-text\" for=\"awpcp-search-query-field\">Search for:<\/label>\n            <input id=\"awpcp-search-query-field\" type=\"text\" name=\"keywordphrase\" \/>\n        <\/div>\n        <div class=\"awpcp-classifieds-search-bar--submit-button\">\n            <input class=\"button\" type=\"submit\" value=\"Find Listings\" \/>\n        <\/div>\n        <div class=\"awpcp-classifieds-search-bar--advanced-search-link\"><a href=\"https:\/\/www.awakeningchurch.de\/en\/anzeigen\/suche-in-anzeigen\/\">Advanced Search <\/a><\/div>\n    <\/form>\n<\/div>\n<ul class=\"awpcp-classifieds-menu awpcp-clearfix\" data-breakpoints='{\"tiny\": [0,400], \"small\": [400,500]}' data-breakpoints-class-prefix=\"awpcp-classifieds-menu\">\n    <li class=\"awpcp-classifieds-menu--menu-item awpcp-classifieds-menu--post-listing-menu-item\">\n        <a class=\"awpcp-classifieds-menu--menu-item-link button\" href=\"https:\/\/www.awakeningchurch.de\/en\/anzeigen\/anzeige-aufgeben\">Anzeige aufgeben<\/a>\n    <\/li>\n    <li class=\"awpcp-classifieds-menu--menu-item awpcp-classifieds-menu--browse-listings-menu-item\">\n        <a class=\"awpcp-classifieds-menu--menu-item-link button\" href=\"https:\/\/www.awakeningchurch.de\/en\/anzeigen\/in-anzeigen-stoebern\">In Anzeigen st\u00f6bern.<\/a>\n    <\/li>\n<\/ul>\n    \n    <form class=\"awpcp-category-switcher\" method=\"post\" action=\"https:\/\/www.awakeningchurch.de\/en\/anzeigen\/in-anzeigen-stoebern\">\n        <input type=\"hidden\" name=\"offset\" value=\"0\" \/>\n    \n    <div class=\"awpcp-category-dropdown-container\">\n        <label class=\"awpcp-category-dropdown-label\" for=\"awpcp-category-dropdown-69eb3aa1135d9\">Category:<\/label>\n\n\n<select id=\"awpcp-category-dropdown-69eb3aa1135d9\" class=\"awpcp-category-dropdown awpcp-dropdown \" name=\"awpcp_category_id\" data-hash=\"69eb3aa1135d9\" placeholder=\"All Categories\" data-auto=\"auto\" style=\"width: 100%\">\n        <option class=\"awpcp-dropdown-placeholder\">All Categories<\/option>\n    <option class=\"dropdownparentcategory\" value=\"24\">Globale Einstellungen<\/option><option class=\"dropdownparentcategory\" value=\"25\">Ich suche<\/option><option class=\"dropdownparentcategory\" value=\"26\">Jobs<\/option><option class=\"dropdownparentcategory\" value=\"27\">Wohnungsmarkt<\/option><option class=\"dropdownparentcategory\" value=\"28\">Zu verkaufen<\/option><option class=\"dropdownparentcategory\" value=\"29\">Zu verleihen<\/option><option class=\"dropdownparentcategory\" value=\"30\">Zu verschenken<\/option><\/select>\n\n\n<script type=\"text\/javascript\">var categories_69eb3aa1135d9 = {\"mode\":\"basic\",\"select2\":{\"containerCssClass\":\"awpcp-category-dropdown-selection\",\"dropdownCssClass\":\"awpcp-category-dropdown-options\",\"allowClear\":true,\"placeholder\":\"All Categories\",\"maximumSelectionLength\":100},\"selectedCategoriesIds\":[],\"categoriesHierarchy\":{\"root\":[{\"term_id\":24,\"name\":\"Globale Einstellungen\",\"slug\":\"globale-einstellungen\",\"term_group\":0,\"term_taxonomy_id\":24,\"taxonomy\":\"awpcp_listing_category\",\"description\":\"\",\"parent\":0,\"count\":1,\"filter\":\"raw\"},{\"term_id\":25,\"name\":\"Ich suche\",\"slug\":\"ich-suche\",\"term_group\":0,\"term_taxonomy_id\":25,\"taxonomy\":\"awpcp_listing_category\",\"description\":\"\",\"parent\":0,\"count\":0,\"filter\":\"raw\"},{\"term_id\":26,\"name\":\"Jobs\",\"slug\":\"jobs\",\"term_group\":0,\"term_taxonomy_id\":26,\"taxonomy\":\"awpcp_listing_category\",\"description\":\"\",\"parent\":0,\"count\":0,\"filter\":\"raw\"},{\"term_id\":27,\"name\":\"Wohnungsmarkt\",\"slug\":\"wohnungsmarkt\",\"term_group\":0,\"term_taxonomy_id\":27,\"taxonomy\":\"awpcp_listing_category\",\"description\":\"\",\"parent\":0,\"count\":4,\"filter\":\"raw\"},{\"term_id\":28,\"name\":\"Zu verkaufen\",\"slug\":\"zu-verkaufen\",\"term_group\":0,\"term_taxonomy_id\":28,\"taxonomy\":\"awpcp_listing_category\",\"description\":\"\",\"parent\":0,\"count\":0,\"filter\":\"raw\"},{\"term_id\":29,\"name\":\"Zu verleihen\",\"slug\":\"zu-verleihen\",\"term_group\":0,\"term_taxonomy_id\":29,\"taxonomy\":\"awpcp_listing_category\",\"description\":\"\",\"parent\":0,\"count\":0,\"filter\":\"raw\"},{\"term_id\":30,\"name\":\"Zu verschenken\",\"slug\":\"zu-verschenken\",\"term_group\":0,\"term_taxonomy_id\":30,\"taxonomy\":\"awpcp_listing_category\",\"description\":\"\",\"parent\":0,\"count\":0,\"filter\":\"raw\"}]},\"paymentTerms\":[],\"subcategoryLabel\":\"Select a Sub-category\"};<\/script>\n    <\/div>\n<\/form>\n<div class=\"awpcp-pagination pager\">\n    \n    <\/div>\n\n    <div class=\"awpcp-listings awpcp-clearboth\">\n        <div class=\"awpcp-listing-excerpt displayaditemseven $isfeaturedclass\" data-breakpoints-class-prefix=\"awpcp-listing-excerpt\" data-breakpoints='{\"tiny\": [0,328], \"small\": [328,600], \"medium\": [600,999999]}'>\r\n    <div class=\"awpcp-listing-excerpt-thumbnail\">\r\n        <a class=\"awpcp-listing-primary-image-listing-link\" href=\"https:\/\/www.awakeningchurch.de\/en\/classifieds\/7999\/one-week-for-a-family-of-five\/wohnungsmarkt\/\"><img decoding=\"async\" class=\"awpcp-listing-primary-image-thumbnail awpcp-noimage-placeholder\" alt=\"One week for a family of five\" src=\"https:\/\/www.awakeningchurch.de\/wp-content\/plugins\/another-wordpress-classifieds-plugin\/resources\/images\/adhasnoimage.png\" width=\"80\" height=\"80\"\/><\/a>\r\n    <\/div>\r\n    <div class=\"awpcp-listing-excerpt-inner\" style=\"w\">\r\n        <h4 class=\"awpcp-listing-title\"><a href=\"https:\/\/www.awakeningchurch.de\/en\/classifieds\/7999\/one-week-for-a-family-of-five\/wohnungsmarkt\/\">One week for a family of five<\/a><\/h4>\r\n        <div class=\"awpcp-listing-excerpt-content\">Hello Awakening \ud83d\ude42 We are a Czech-American family of five (kids ages 8, 4, and 1) from Awakening Czech Republic.&hellip;<\/div>\r\n    <\/div>\r\n    <div class=\"awpcp-listing-excerpt-extra\">\r\n        04\/15\/2026<br\/>\r\n        \r\n        \r\n        Total views: 6<br\/>\r\n        \r\n        \r\n    <\/div>\r\n    <span class=\"fixfloat\"><\/span>\r\n<\/div>\r\n<div class=\"fixfloat\"><\/div><div class=\"awpcp-listing-excerpt displayaditemsodd $isfeaturedclass\" data-breakpoints-class-prefix=\"awpcp-listing-excerpt\" data-breakpoints='{\"tiny\": [0,328], \"small\": [328,600], \"medium\": [600,999999]}'>\r\n    <div class=\"awpcp-listing-excerpt-thumbnail\">\r\n        <a class=\"awpcp-listing-primary-image-listing-link\" href=\"https:\/\/www.awakeningchurch.de\/en\/classifieds\/7010\/liebevoller-freigaenger-kater-in-fuersorgliche-verantwortungsbewusste-liebevolle-haende-abzugeben\/globale-einstellungen\/\"><img decoding=\"async\" class=\"awpcp-listing-primary-image-thumbnail awpcp-noimage-placeholder\" alt=\"Liebevoller Freig\u00e4nger Kater, in f\u00fcrsorgliche, verantwortungsbewusste, liebevolle H\u00e4nde abzugeben\" src=\"https:\/\/www.awakeningchurch.de\/wp-content\/plugins\/another-wordpress-classifieds-plugin\/resources\/images\/adhasnoimage.png\" width=\"80\" height=\"80\"\/><\/a>\r\n    <\/div>\r\n    <div class=\"awpcp-listing-excerpt-inner\" style=\"w\">\r\n        <h4 class=\"awpcp-listing-title\"><a href=\"https:\/\/www.awakeningchurch.de\/en\/classifieds\/7010\/liebevoller-freigaenger-kater-in-fuersorgliche-verantwortungsbewusste-liebevolle-haende-abzugeben\/globale-einstellungen\/\">Liebevoller Freig\u00e4nger Kater, in f\u00fcrsorgliche, verantwortungsbewusste, liebevolle H\u00e4nde abzugeben<\/a><\/h4>\r\n        <div class=\"awpcp-listing-excerpt-content\">Der liebesbed\u00fcrftige, verschmuste kleine rote Schatz, ist ein Freig\u00e4nger. Er ist 3 Jahre alt und kastriert. An einem ruhigen Pl\u00e4tzchen&hellip;<\/div>\r\n    <\/div>\r\n    <div class=\"awpcp-listing-excerpt-extra\">\r\n        08\/04\/2025<br\/>\r\n        \r\n        \r\n        Total views: 71<br\/>\r\n        \r\n        \r\n    <\/div>\r\n    <span class=\"fixfloat\"><\/span>\r\n<\/div>\r\n<div class=\"fixfloat\"><\/div><div class=\"awpcp-listing-excerpt displayaditemseven $isfeaturedclass\" data-breakpoints-class-prefix=\"awpcp-listing-excerpt\" data-breakpoints='{\"tiny\": [0,328], \"small\": [328,600], \"medium\": [600,999999]}'>\r\n    <div class=\"awpcp-listing-excerpt-thumbnail\">\r\n        <a class=\"awpcp-listing-primary-image-listing-link\" href=\"https:\/\/www.awakeningchurch.de\/en\/classifieds\/7876\/wg-zimmer\/wohnungsmarkt\/\"><img decoding=\"async\" class=\"awpcp-listing-primary-image-thumbnail awpcp-noimage-placeholder\" alt=\"WG Zimmer\" src=\"https:\/\/www.awakeningchurch.de\/wp-content\/plugins\/another-wordpress-classifieds-plugin\/resources\/images\/adhasnoimage.png\" width=\"80\" height=\"80\"\/><\/a>\r\n    <\/div>\r\n    <div class=\"awpcp-listing-excerpt-inner\" style=\"w\">\r\n        <h4 class=\"awpcp-listing-title\"><a href=\"https:\/\/www.awakeningchurch.de\/en\/classifieds\/7876\/wg-zimmer\/wohnungsmarkt\/\">WG Zimmer<\/a><\/h4>\r\n        <div class=\"awpcp-listing-excerpt-content\">Liebe Leser\/innen Ich biete ein WG Zimmer mit Balkon und Zugang zum Wintergarten. Der Wohnort liegt 15 Minuten von Schopfheim&hellip;<\/div>\r\n    <\/div>\r\n    <div class=\"awpcp-listing-excerpt-extra\">\r\n        02\/28\/2026<br\/>\r\n        \r\n        \r\n        Total views: 32<br\/>\r\n        Price: \u20ac450,00\r\n        \r\n    <\/div>\r\n    <span class=\"fixfloat\"><\/span>\r\n<\/div>\r\n<div class=\"fixfloat\"><\/div><div class=\"awpcp-listing-excerpt displayaditemsodd $isfeaturedclass\" data-breakpoints-class-prefix=\"awpcp-listing-excerpt\" data-breakpoints='{\"tiny\": [0,328], \"small\": [328,600], \"medium\": [600,999999]}'>\r\n    <div class=\"awpcp-listing-excerpt-thumbnail\">\r\n        <a class=\"awpcp-listing-primary-image-listing-link\" href=\"https:\/\/www.awakeningchurch.de\/en\/classifieds\/7963\/gemuetliche-2-zimmer-wohnung-mit-balkon-kueche-und-stellplatz-zu-vermieten\/wohnungsmarkt\/\"><img loading=\"lazy\" decoding=\"async\" class=\"awpcp-listing-primary-image-thumbnail awpcp-noimage-placeholder\" alt=\"Gem\u00fctliche 2 Zimmer Wohnung mit Balkon, K\u00fcche und Stellplatz zu vermieten.\" src=\"https:\/\/www.awakeningchurch.de\/wp-content\/plugins\/another-wordpress-classifieds-plugin\/resources\/images\/adhasnoimage.png\" width=\"80\" height=\"80\"\/><\/a>\r\n    <\/div>\r\n    <div class=\"awpcp-listing-excerpt-inner\" style=\"w\">\r\n        <h4 class=\"awpcp-listing-title\"><a href=\"https:\/\/www.awakeningchurch.de\/en\/classifieds\/7963\/gemuetliche-2-zimmer-wohnung-mit-balkon-kueche-und-stellplatz-zu-vermieten\/wohnungsmarkt\/\">Gem\u00fctliche 2 Zimmer Wohnung mit Balkon, K\u00fcche und Stellplatz zu vermieten.<\/a><\/h4>\r\n        <div class=\"awpcp-listing-excerpt-content\">Gem\u00fctliche 2 Zimmer Wohnung ab 01.05.2026 zu vermieten. Ich suche einen Nachmieter f\u00fcr meine helle 2-Zimmer-Wohnung mit Balkon, Einbauk\u00fcche, Stellplatz&hellip;<\/div>\r\n    <\/div>\r\n    <div class=\"awpcp-listing-excerpt-extra\">\r\n        03\/19\/2026<br\/>\r\n        \r\n        \r\n        Total views: 31<br\/>\r\n        Price: \u20ac880,00\r\n        \r\n    <\/div>\r\n    <span class=\"fixfloat\"><\/span>\r\n<\/div>\r\n<div class=\"fixfloat\"><\/div><div class=\"awpcp-listing-excerpt displayaditemseven $isfeaturedclass\" data-breakpoints-class-prefix=\"awpcp-listing-excerpt\" data-breakpoints='{\"tiny\": [0,328], \"small\": [328,600], \"medium\": [600,999999]}'>\r\n    <div class=\"awpcp-listing-excerpt-thumbnail\">\r\n        <a class=\"awpcp-listing-primary-image-listing-link\" href=\"https:\/\/www.awakeningchurch.de\/en\/classifieds\/7854\/family-of-three-looking-for-a-home-from-july\/wohnungsmarkt\/\"><img loading=\"lazy\" decoding=\"async\" class=\"awpcp-listing-primary-image-thumbnail awpcp-noimage-placeholder\" alt=\"Family of Three Looking for a Home from July\" src=\"https:\/\/www.awakeningchurch.de\/wp-content\/plugins\/another-wordpress-classifieds-plugin\/resources\/images\/adhasnoimage.png\" width=\"80\" height=\"80\"\/><\/a>\r\n    <\/div>\r\n    <div class=\"awpcp-listing-excerpt-inner\" style=\"w\">\r\n        <h4 class=\"awpcp-listing-title\"><a href=\"https:\/\/www.awakeningchurch.de\/en\/classifieds\/7854\/family-of-three-looking-for-a-home-from-july\/wohnungsmarkt\/\">Family of Three Looking for a Home from July<\/a><\/h4>\r\n        <div class=\"awpcp-listing-excerpt-content\">HI FAM! We are visiting \ud83d\uddd3\ufe0fMarch 8\u201311 to visit the church and explore the surrounding area as we prepare to&hellip;<\/div>\r\n    <\/div>\r\n    <div class=\"awpcp-listing-excerpt-extra\">\r\n        02\/21\/2026<br\/>\r\n        \r\n        \r\n        Total views: 40<br\/>\r\n        \r\n        \r\n    <\/div>\r\n    <span class=\"fixfloat\"><\/span>\r\n<\/div>\r\n<div class=\"fixfloat\"><\/div>    <\/div>\n\n    <div class=\"awpcp-pagination pager\">\n    \n        <form class=\"awpcp-pagination-form\" method=\"get\">\n        \n        \n        <label for=\"awpcp-pagination-results-0-08023200-1777023649\">Ads per page:<\/label>\n\n        <select id=\"awpcp-pagination-results-0-08023200-1777023649\" name=\"results\">\n                                <option value=\"5\">5<\/option>\n                                            <option value=\"10\" selected=\"selected\">10<\/option>\n                                            <option value=\"20\">20<\/option>\n                                            <option value=\"30\">30<\/option>\n                                            <option value=\"40\">40<\/option>\n                                            <option value=\"50\">50<\/option>\n                                            <option value=\"60\">60<\/option>\n                                            <option value=\"70\">70<\/option>\n                                            <option value=\"80\">80<\/option>\n                                            <option value=\"90\">90<\/option>\n                                            <option value=\"100\">100<\/option>\n                                            <option value=\"500\">500<\/option>\n                            <\/select>\n\n            <\/form>\n    <\/div>\n<\/div>\n<\/div>\n\t\t\t\t\t\t<\/div>\n\t\t\t\t<\/div>\n\t\t\t\t\t<\/div>\n\t\t<\/div>\n\t\t\t\t\t<\/div>\n\t\t<\/section>\n\t\t\t\t<\/div>\n\t\t","protected":false},"excerpt":{"rendered":"","protected":false},"author":1,"featured_media":0,"parent":2461,"menu_order":0,"comment_status":"closed","ping_status":"closed","template":"","meta":{"footnotes":""},"class_list":["post-2467","page","type-page","status-publish","hentry"],"_links":{"self":[{"href":"https:\/\/www.awakeningchurch.de\/en\/wp-json\/wp\/v2\/pages\/2467","targetHints":{"allow":["GET"]}}],"collection":[{"href":"https:\/\/www.awakeningchurch.de\/en\/wp-json\/wp\/v2\/pages"}],"about":[{"href":"https:\/\/www.awakeningchurch.de\/en\/wp-json\/wp\/v2\/types\/page"}],"author":[{"embeddable":true,"href":"https:\/\/www.awakeningchurch.de\/en\/wp-json\/wp\/v2\/users\/1"}],"replies":[{"embeddable":true,"href":"https:\/\/www.awakeningchurch.de\/en\/wp-json\/wp\/v2\/comments?post=2467"}],"version-history":[{"count":6,"href":"https:\/\/www.awakeningchurch.de\/en\/wp-json\/wp\/v2\/pages\/2467\/revisions"}],"predecessor-version":[{"id":2662,"href":"https:\/\/www.awakeningchurch.de\/en\/wp-json\/wp\/v2\/pages\/2467\/revisions\/2662"}],"up":[{"embeddable":true,"href":"https:\/\/www.awakeningchurch.de\/en\/wp-json\/wp\/v2\/pages\/2461"}],"wp:attachment":[{"href":"https:\/\/www.awakeningchurch.de\/en\/wp-json\/wp\/v2\/media?parent=2467"}],"curies":[{"name":"wp","href":"https:\/\/api.w.org\/{rel}","templated":true}]}}