{"id":5552,"date":"2023-10-16T11:39:23","date_gmt":"2023-10-16T09:39:23","guid":{"rendered":"https:\/\/www.awakeningchurch.de\/bulletin-board\/"},"modified":"2024-12-03T16:06:52","modified_gmt":"2024-12-03T14:06:52","slug":"bulletin-board","status":"publish","type":"page","link":"https:\/\/www.awakeningchurch.de\/en\/bulletin-board\/","title":{"rendered":"Bulletin Board"},"content":{"rendered":"\t\t<div data-elementor-type=\"wp-page\" data-elementor-id=\"5552\" class=\"elementor elementor-5552 elementor-2461\" data-elementor-post-type=\"page\">\n\t\t\t\t\t\t<section class=\"elementor-section elementor-top-section elementor-element elementor-element-71c02fe elementor-section-boxed elementor-section-height-default elementor-section-height-default\" data-id=\"71c02fe\" data-element_type=\"section\" data-e-type=\"section\" data-settings=\"{&quot;background_background&quot;:&quot;classic&quot;}\">\n\t\t\t\t\t\t<div class=\"elementor-container elementor-column-gap-default\">\n\t\t\t\t\t<div class=\"elementor-column elementor-col-100 elementor-top-column elementor-element elementor-element-7d69583\" data-id=\"7d69583\" data-element_type=\"column\" data-e-type=\"column\">\n\t\t\t<div class=\"elementor-widget-wrap elementor-element-populated\">\n\t\t\t\t\t\t<div class=\"elementor-element elementor-element-1af35ce elementor-widget elementor-widget-spacer\" data-id=\"1af35ce\" data-element_type=\"widget\" data-e-type=\"widget\" data-widget_type=\"spacer.default\">\n\t\t\t\t<div class=\"elementor-widget-container\">\n\t\t\t\t\t\t\t<div class=\"elementor-spacer\">\n\t\t\t<div class=\"elementor-spacer-inner\"><\/div>\n\t\t<\/div>\n\t\t\t\t\t\t<\/div>\n\t\t\t\t<\/div>\n\t\t\t\t\t<\/div>\n\t\t<\/div>\n\t\t\t\t\t<\/div>\n\t\t<\/section>\n\t\t\t\t<section class=\"elementor-section elementor-top-section elementor-element elementor-element-3fcf6fff elementor-section-boxed elementor-section-height-default elementor-section-height-default\" data-id=\"3fcf6fff\" data-element_type=\"section\" data-e-type=\"section\">\n\t\t\t\t\t\t<div class=\"elementor-container elementor-column-gap-default\">\n\t\t\t\t\t<div class=\"elementor-column elementor-col-100 elementor-top-column elementor-element elementor-element-20d2abbd\" data-id=\"20d2abbd\" data-element_type=\"column\" data-e-type=\"column\">\n\t\t\t<div class=\"elementor-widget-wrap elementor-element-populated\">\n\t\t\t\t\t\t<div class=\"elementor-element elementor-element-491292c elementor-widget elementor-widget-heading\" data-id=\"491292c\" data-element_type=\"widget\" data-e-type=\"widget\" data-widget_type=\"heading.default\">\n\t\t\t\t<div class=\"elementor-widget-container\">\n\t\t\t\t\t<h2 class=\"elementor-heading-title elementor-size-default\">Bulletin Board<\/h2>\t\t\t\t<\/div>\n\t\t\t\t<\/div>\n\t\t\t\t<div class=\"elementor-element elementor-element-20f93c6a elementor-widget elementor-widget-shortcode\" data-id=\"20f93c6a\" data-element_type=\"widget\" data-e-type=\"widget\" data-widget_type=\"shortcode.default\">\n\t\t\t\t<div class=\"elementor-widget-container\">\n\t\t\t\t\t\t\t<div class=\"elementor-shortcode\"><div id=\"classiwrapper\">\n    \n        <div class=\"uiwelcome\">Willst du Teil von kleinen Projekten sein? Suchst du nach einer neuen Wohnung oder einem Mitbewohner? Hast du M\u00f6bel zu verschenken oder zu verkaufen? Suchst du nach einem inspirierenden Event in der Region? Oder willst du ein Event ausschreiben? Dann bist du willkommen deine Anzeige hier zu posten oder unsere Anzeigen zu durchst\u00f6bern.<\/div>\n    \n        \n<div class=\"awpcp-classifieds-search-bar\" data-breakpoints='{\"tiny\": [0,450]}' data-breakpoints-class-prefix=\"awpcp-classifieds-search-bar\">\n    <form action=\"https:\/\/www.awakeningchurch.de\/en\/anzeigen\/suche-in-anzeigen\/\" method=\"get\">\n                <input type=\"hidden\" name=\"awpcp-step\" value=\"dosearch\" \/>\n        <div class=\"awpcp-classifieds-search-bar--query-field\">\n            <label class=\"screen-reader-text\" for=\"awpcp-search-query-field\">Search for:<\/label>\n            <input id=\"awpcp-search-query-field\" type=\"text\" name=\"keywordphrase\" \/>\n        <\/div>\n        <div class=\"awpcp-classifieds-search-bar--submit-button\">\n            <input class=\"button\" type=\"submit\" value=\"Find Listings\" \/>\n        <\/div>\n        <div class=\"awpcp-classifieds-search-bar--advanced-search-link\"><a href=\"https:\/\/www.awakeningchurch.de\/en\/anzeigen\/suche-in-anzeigen\/\">Advanced Search <\/a><\/div>\n    <\/form>\n<\/div>\n<ul class=\"awpcp-classifieds-menu awpcp-clearfix\" data-breakpoints='{\"tiny\": [0,400], \"small\": [400,500]}' data-breakpoints-class-prefix=\"awpcp-classifieds-menu\">\n    <li class=\"awpcp-classifieds-menu--menu-item awpcp-classifieds-menu--post-listing-menu-item\">\n        <a class=\"awpcp-classifieds-menu--menu-item-link button\" href=\"https:\/\/www.awakeningchurch.de\/en\/anzeigen\/anzeige-aufgeben\">Anzeige aufgeben<\/a>\n    <\/li>\n    <li class=\"awpcp-classifieds-menu--menu-item awpcp-classifieds-menu--browse-listings-menu-item\">\n        <a class=\"awpcp-classifieds-menu--menu-item-link button\" href=\"https:\/\/www.awakeningchurch.de\/en\/anzeigen\/in-anzeigen-stoebern\">In Anzeigen st\u00f6bern.<\/a>\n    <\/li>\n<\/ul>\n    \n    <form class=\"awpcp-category-switcher\" method=\"post\" action=\"https:\/\/www.awakeningchurch.de\/en\/anzeigen\/in-anzeigen-stoebern\">\n        <input type=\"hidden\" name=\"offset\" value=\"0\" \/>\n    \n    <div class=\"awpcp-category-dropdown-container\">\n        <label class=\"awpcp-category-dropdown-label\" for=\"awpcp-category-dropdown-69fee1ed20357\">Category:<\/label>\n\n\n<select id=\"awpcp-category-dropdown-69fee1ed20357\" class=\"awpcp-category-dropdown awpcp-dropdown \" name=\"awpcp_category_id\" data-hash=\"69fee1ed20357\" placeholder=\"All Categories\" data-auto=\"auto\" style=\"width: 100%\">\n        <option class=\"awpcp-dropdown-placeholder\">All Categories<\/option>\n    <option class=\"dropdownparentcategory\" value=\"24\">Globale Einstellungen<\/option><option class=\"dropdownparentcategory\" value=\"25\">Ich suche<\/option><option class=\"dropdownparentcategory\" value=\"26\">Jobs<\/option><option class=\"dropdownparentcategory\" value=\"27\">Wohnungsmarkt<\/option><option class=\"dropdownparentcategory\" value=\"28\">Zu verkaufen<\/option><option class=\"dropdownparentcategory\" value=\"29\">Zu verleihen<\/option><option class=\"dropdownparentcategory\" value=\"30\">Zu verschenken<\/option><\/select>\n\n\n<script type=\"text\/javascript\">var categories_69fee1ed20357 = {\"mode\":\"basic\",\"select2\":{\"containerCssClass\":\"awpcp-category-dropdown-selection\",\"dropdownCssClass\":\"awpcp-category-dropdown-options\",\"allowClear\":true,\"placeholder\":\"All Categories\",\"maximumSelectionLength\":100},\"selectedCategoriesIds\":[],\"categoriesHierarchy\":{\"root\":[{\"term_id\":24,\"name\":\"Globale Einstellungen\",\"slug\":\"globale-einstellungen\",\"term_group\":0,\"term_taxonomy_id\":24,\"taxonomy\":\"awpcp_listing_category\",\"description\":\"\",\"parent\":0,\"count\":1,\"filter\":\"raw\"},{\"term_id\":25,\"name\":\"Ich suche\",\"slug\":\"ich-suche\",\"term_group\":0,\"term_taxonomy_id\":25,\"taxonomy\":\"awpcp_listing_category\",\"description\":\"\",\"parent\":0,\"count\":0,\"filter\":\"raw\"},{\"term_id\":26,\"name\":\"Jobs\",\"slug\":\"jobs\",\"term_group\":0,\"term_taxonomy_id\":26,\"taxonomy\":\"awpcp_listing_category\",\"description\":\"\",\"parent\":0,\"count\":0,\"filter\":\"raw\"},{\"term_id\":27,\"name\":\"Wohnungsmarkt\",\"slug\":\"wohnungsmarkt\",\"term_group\":0,\"term_taxonomy_id\":27,\"taxonomy\":\"awpcp_listing_category\",\"description\":\"\",\"parent\":0,\"count\":2,\"filter\":\"raw\"},{\"term_id\":28,\"name\":\"Zu verkaufen\",\"slug\":\"zu-verkaufen\",\"term_group\":0,\"term_taxonomy_id\":28,\"taxonomy\":\"awpcp_listing_category\",\"description\":\"\",\"parent\":0,\"count\":0,\"filter\":\"raw\"},{\"term_id\":29,\"name\":\"Zu verleihen\",\"slug\":\"zu-verleihen\",\"term_group\":0,\"term_taxonomy_id\":29,\"taxonomy\":\"awpcp_listing_category\",\"description\":\"\",\"parent\":0,\"count\":0,\"filter\":\"raw\"},{\"term_id\":30,\"name\":\"Zu verschenken\",\"slug\":\"zu-verschenken\",\"term_group\":0,\"term_taxonomy_id\":30,\"taxonomy\":\"awpcp_listing_category\",\"description\":\"\",\"parent\":0,\"count\":0,\"filter\":\"raw\"}]},\"paymentTerms\":[],\"subcategoryLabel\":\"Select a Sub-category\"};<\/script>\n    <\/div>\n<\/form>\n<div class=\"awpcp-pagination pager\">\n    \n    <\/div>\n\n    <div class=\"awpcp-listings awpcp-clearboth\">\n        <div class=\"awpcp-listing-excerpt displayaditemseven $isfeaturedclass\" data-breakpoints-class-prefix=\"awpcp-listing-excerpt\" data-breakpoints='{\"tiny\": [0,328], \"small\": [328,600], \"medium\": [600,999999]}'>\r\n    <div class=\"awpcp-listing-excerpt-thumbnail\">\r\n        <a class=\"awpcp-listing-primary-image-listing-link\" href=\"https:\/\/www.awakeningchurch.de\/en\/classifieds\/8143\/mitbewohnerin-20-30-jahre-gesucht\/wohnungsmarkt\/\"><img decoding=\"async\" class=\"awpcp-listing-primary-image-thumbnail awpcp-noimage-placeholder\" alt=\"Mitbewohnerin (20-30 Jahre) gesucht\" src=\"https:\/\/www.awakeningchurch.de\/wp-content\/plugins\/another-wordpress-classifieds-plugin\/resources\/images\/adhasnoimage.png\" width=\"80\" height=\"80\"\/><\/a>\r\n    <\/div>\r\n    <div class=\"awpcp-listing-excerpt-inner\" style=\"w\">\r\n        <h4 class=\"awpcp-listing-title\"><a href=\"https:\/\/www.awakeningchurch.de\/en\/classifieds\/8143\/mitbewohnerin-20-30-jahre-gesucht\/wohnungsmarkt\/\">Mitbewohnerin (20-30 Jahre) gesucht<\/a><\/h4>\r\n        <div class=\"awpcp-listing-excerpt-content\">Hi, wir suchen ab Juni eine neue Mitbewohnerin in L\u00f6rrach, Haagen (Neubaugebiet) f\u00fcr unsere 3er-WG. Dir w\u00fcrde ein eigenes kleines&hellip;<\/div>\r\n    <\/div>\r\n    <div class=\"awpcp-listing-excerpt-extra\">\r\n        05\/06\/2026<br\/>\r\n        \r\n        \r\n        Total views: 6<br\/>\r\n        Price: \u20ac650,00\r\n        \r\n    <\/div>\r\n    <span class=\"fixfloat\"><\/span>\r\n<\/div>\r\n<div class=\"fixfloat\"><\/div><div class=\"awpcp-listing-excerpt displayaditemsodd $isfeaturedclass\" data-breakpoints-class-prefix=\"awpcp-listing-excerpt\" data-breakpoints='{\"tiny\": [0,328], \"small\": [328,600], \"medium\": [600,999999]}'>\r\n    <div class=\"awpcp-listing-excerpt-thumbnail\">\r\n        <a class=\"awpcp-listing-primary-image-listing-link\" href=\"https:\/\/www.awakeningchurch.de\/en\/classifieds\/7010\/liebevoller-freigaenger-kater-in-fuersorgliche-verantwortungsbewusste-liebevolle-haende-abzugeben\/globale-einstellungen\/\"><img decoding=\"async\" class=\"awpcp-listing-primary-image-thumbnail awpcp-noimage-placeholder\" alt=\"Liebevoller Freig\u00e4nger Kater, in f\u00fcrsorgliche, verantwortungsbewusste, liebevolle H\u00e4nde abzugeben\" src=\"https:\/\/www.awakeningchurch.de\/wp-content\/plugins\/another-wordpress-classifieds-plugin\/resources\/images\/adhasnoimage.png\" width=\"80\" height=\"80\"\/><\/a>\r\n    <\/div>\r\n    <div class=\"awpcp-listing-excerpt-inner\" style=\"w\">\r\n        <h4 class=\"awpcp-listing-title\"><a href=\"https:\/\/www.awakeningchurch.de\/en\/classifieds\/7010\/liebevoller-freigaenger-kater-in-fuersorgliche-verantwortungsbewusste-liebevolle-haende-abzugeben\/globale-einstellungen\/\">Liebevoller Freig\u00e4nger Kater, in f\u00fcrsorgliche, verantwortungsbewusste, liebevolle H\u00e4nde abzugeben<\/a><\/h4>\r\n        <div class=\"awpcp-listing-excerpt-content\">Der liebesbed\u00fcrftige, verschmuste kleine rote Schatz, ist ein Freig\u00e4nger. Er ist 3 Jahre alt und kastriert. An einem ruhigen Pl\u00e4tzchen&hellip;<\/div>\r\n    <\/div>\r\n    <div class=\"awpcp-listing-excerpt-extra\">\r\n        08\/04\/2025<br\/>\r\n        \r\n        \r\n        Total views: 81<br\/>\r\n        \r\n        \r\n    <\/div>\r\n    <span class=\"fixfloat\"><\/span>\r\n<\/div>\r\n<div class=\"fixfloat\"><\/div><div class=\"awpcp-listing-excerpt displayaditemseven $isfeaturedclass\" data-breakpoints-class-prefix=\"awpcp-listing-excerpt\" data-breakpoints='{\"tiny\": [0,328], \"small\": [328,600], \"medium\": [600,999999]}'>\r\n    <div class=\"awpcp-listing-excerpt-thumbnail\">\r\n        <a class=\"awpcp-listing-primary-image-listing-link\" href=\"https:\/\/www.awakeningchurch.de\/en\/classifieds\/7999\/one-week-for-a-family-of-five\/wohnungsmarkt\/\"><img decoding=\"async\" class=\"awpcp-listing-primary-image-thumbnail awpcp-noimage-placeholder\" alt=\"One week for a family of five\" src=\"https:\/\/www.awakeningchurch.de\/wp-content\/plugins\/another-wordpress-classifieds-plugin\/resources\/images\/adhasnoimage.png\" width=\"80\" height=\"80\"\/><\/a>\r\n    <\/div>\r\n    <div class=\"awpcp-listing-excerpt-inner\" style=\"w\">\r\n        <h4 class=\"awpcp-listing-title\"><a href=\"https:\/\/www.awakeningchurch.de\/en\/classifieds\/7999\/one-week-for-a-family-of-five\/wohnungsmarkt\/\">One week for a family of five<\/a><\/h4>\r\n        <div class=\"awpcp-listing-excerpt-content\">Hello Awakening \ud83d\ude42 We are a Czech-American family of five (kids ages 8, 4, and 1) from Awakening Czech Republic.&hellip;<\/div>\r\n    <\/div>\r\n    <div class=\"awpcp-listing-excerpt-extra\">\r\n        04\/15\/2026<br\/>\r\n        \r\n        \r\n        Total views: 27<br\/>\r\n        \r\n        \r\n    <\/div>\r\n    <span class=\"fixfloat\"><\/span>\r\n<\/div>\r\n<div class=\"fixfloat\"><\/div>    <\/div>\n\n    <div class=\"awpcp-pagination pager\">\n    \n        <form class=\"awpcp-pagination-form\" method=\"get\">\n        \n        \n        <label for=\"awpcp-pagination-results-0-13547200-1778311661\">Ads per page:<\/label>\n\n        <select id=\"awpcp-pagination-results-0-13547200-1778311661\" name=\"results\">\n                                <option value=\"5\">5<\/option>\n                                            <option value=\"10\" selected=\"selected\">10<\/option>\n                                            <option value=\"20\">20<\/option>\n                                            <option value=\"30\">30<\/option>\n                                            <option value=\"40\">40<\/option>\n                                            <option value=\"50\">50<\/option>\n                                            <option value=\"60\">60<\/option>\n                                            <option value=\"70\">70<\/option>\n                                            <option value=\"80\">80<\/option>\n                                            <option value=\"90\">90<\/option>\n                                            <option value=\"100\">100<\/option>\n                                            <option value=\"500\">500<\/option>\n                            <\/select>\n\n            <\/form>\n    <\/div>\n<\/div>\n<\/div>\n\t\t\t\t\t\t<\/div>\n\t\t\t\t<\/div>\n\t\t\t\t\t<\/div>\n\t\t<\/div>\n\t\t\t\t\t<\/div>\n\t\t<\/section>\n\t\t\t\t<\/div>\n\t\t","protected":false},"excerpt":{"rendered":"<p>Bulletin Board<\/p>\n","protected":false},"author":1,"featured_media":0,"parent":0,"menu_order":0,"comment_status":"closed","ping_status":"closed","template":"","meta":{"footnotes":""},"class_list":["post-5552","page","type-page","status-publish","hentry"],"_links":{"self":[{"href":"https:\/\/www.awakeningchurch.de\/en\/wp-json\/wp\/v2\/pages\/5552","targetHints":{"allow":["GET"]}}],"collection":[{"href":"https:\/\/www.awakeningchurch.de\/en\/wp-json\/wp\/v2\/pages"}],"about":[{"href":"https:\/\/www.awakeningchurch.de\/en\/wp-json\/wp\/v2\/types\/page"}],"author":[{"embeddable":true,"href":"https:\/\/www.awakeningchurch.de\/en\/wp-json\/wp\/v2\/users\/1"}],"replies":[{"embeddable":true,"href":"https:\/\/www.awakeningchurch.de\/en\/wp-json\/wp\/v2\/comments?post=5552"}],"version-history":[{"count":7,"href":"https:\/\/www.awakeningchurch.de\/en\/wp-json\/wp\/v2\/pages\/5552\/revisions"}],"predecessor-version":[{"id":5559,"href":"https:\/\/www.awakeningchurch.de\/en\/wp-json\/wp\/v2\/pages\/5552\/revisions\/5559"}],"wp:attachment":[{"href":"https:\/\/www.awakeningchurch.de\/en\/wp-json\/wp\/v2\/media?parent=5552"}],"curies":[{"name":"wp","href":"https:\/\/api.w.org\/{rel}","templated":true}]}}